{"id":2,"date":"2013-05-13T15:04:50","date_gmt":"2013-05-13T15:04:50","guid":{"rendered":"http:\/\/www.bouchex.info\/?page_id=2"},"modified":"2013-05-27T20:53:36","modified_gmt":"2013-05-27T19:53:36","slug":"page-d-exemple","status":"publish","type":"page","link":"https:\/\/www.bouchex.info\/","title":{"rendered":"Chalets Bouchex"},"content":{"rendered":"<table border=\"0\">\n<tbody>\n<tr>\n<td valign=\"top\">\u00a0<a href=\"https:\/\/www.bouchex.info\/wp-content\/uploads\/2013\/05\/bouchex_r5_c7.gif\"><img loading=\"lazy\" decoding=\"async\" class=\"alignnone size-medium wp-image-10\" alt=\"bouchex_r5_c7\" src=\"https:\/\/www.bouchex.info\/wp-content\/uploads\/2013\/05\/bouchex_r5_c7.gif\" width=\"218\" height=\"156\" \/><\/a><\/td>\n<td style=\"vertical-align: top;\" valign=\"top\"><a href=\"http:\/\/www.aux-chalets-des-alpes.com\/\" target=\"_blank\">www.aux-chalets-des-alpes.com<\/a><br \/>\nLocations de chalets individuels et d&rsquo;appartements en chalet \u00e0 Crest-Voland.<\/p>\n<p>En hiver : venez d\u00e9valer les pistes de l&rsquo;Espace Diamant, entre Mont Blanc et Beaufortain.En \u00e9t\u00e9 : piscine chauff\u00e9e et air de jeux pour vous d\u00e9tendre apr\u00e8s vos escapades p\u00e9destres.<\/td>\n<\/tr>\n<\/tbody>\n<\/table>\n<table border=\"0\">\n<tbody>\n<tr>\n<td style=\"vertical-align: top;\" valign=\"top\"><a href=\"http:\/\/www.chalets-bouchex.com\/\" target=\"_blank\">www.chalets-bouchex.com<\/a><br \/>\n(V\u00e9ronique &amp; L\u00e9on BOUCHEX)<br \/>\nLocation de studios, appartements, chalets \u00e0 Flumet et Crest-Voland.<\/p>\n<p>En hiver, balades en raquette avec L\u00e9on sur les traces des chamois et tous types de glisse avec Bertrand.<br \/>\nEn \u00e9t\u00e9 : le plan d&rsquo;eau de Flumet dans son \u00e9crin de verdure s&rsquo;offre \u00e0 vous.<\/td>\n<td valign=\"top\">\u00a0<a href=\"https:\/\/www.bouchex.info\/wp-content\/uploads\/2013\/05\/bouchex_r5_c5.gif\"><img loading=\"lazy\" decoding=\"async\" class=\"alignnone size-full wp-image-9\" alt=\"bouchex_r5_c5\" src=\"https:\/\/www.bouchex.info\/wp-content\/uploads\/2013\/05\/bouchex_r5_c5.gif\" width=\"222\" height=\"160\" \/><\/a><\/td>\n<\/tr>\n<\/tbody>\n<\/table>\n","protected":false},"excerpt":{"rendered":"<p>\u00a0 www.aux-chalets-des-alpes.com Locations de chalets individuels et d&rsquo;appartements en chalet \u00e0 Crest-Voland. En hiver : venez d\u00e9valer les pistes de l&rsquo;Espace Diamant, entre Mont Blanc et Beaufortain.En \u00e9t\u00e9 : piscine chauff\u00e9e et air de jeux pour vous d\u00e9tendre apr\u00e8s vos &hellip; <a href=\"https:\/\/www.bouchex.info\/\">Continuer la lecture <span class=\"meta-nav\">&rarr;<\/span><\/a><\/p>\n","protected":false},"author":1,"featured_media":0,"parent":0,"menu_order":0,"comment_status":"closed","ping_status":"open","template":"","meta":{"footnotes":""},"class_list":["post-2","page","type-page","status-publish","hentry"],"_links":{"self":[{"href":"https:\/\/www.bouchex.info\/index.php?rest_route=\/wp\/v2\/pages\/2","targetHints":{"allow":["GET"]}}],"collection":[{"href":"https:\/\/www.bouchex.info\/index.php?rest_route=\/wp\/v2\/pages"}],"about":[{"href":"https:\/\/www.bouchex.info\/index.php?rest_route=\/wp\/v2\/types\/page"}],"author":[{"embeddable":true,"href":"https:\/\/www.bouchex.info\/index.php?rest_route=\/wp\/v2\/users\/1"}],"replies":[{"embeddable":true,"href":"https:\/\/www.bouchex.info\/index.php?rest_route=%2Fwp%2Fv2%2Fcomments&post=2"}],"version-history":[{"count":26,"href":"https:\/\/www.bouchex.info\/index.php?rest_route=\/wp\/v2\/pages\/2\/revisions"}],"predecessor-version":[{"id":34,"href":"https:\/\/www.bouchex.info\/index.php?rest_route=\/wp\/v2\/pages\/2\/revisions\/34"}],"wp:attachment":[{"href":"https:\/\/www.bouchex.info\/index.php?rest_route=%2Fwp%2Fv2%2Fmedia&parent=2"}],"curies":[{"name":"wp","href":"https:\/\/api.w.org\/{rel}","templated":true}]}}